{"id":1958,"date":"2020-05-07T08:35:38","date_gmt":"2020-05-07T08:35:38","guid":{"rendered":"http:\/\/localhost\/theratio\/?page_id=1958"},"modified":"2025-08-02T15:34:58","modified_gmt":"2025-08-02T15:34:58","slug":"about-us","status":"publish","type":"page","link":"https:\/\/noithatdmax.vn\/?page_id=1958","title":{"rendered":"V\u1ec1 ch\u00fang t\u00f4i"},"content":{"rendered":"\t\t<div data-elementor-type=\"wp-page\" data-elementor-id=\"1958\" class=\"elementor elementor-1958\" data-elementor-post-type=\"page\">\n\t\t\t\t\t\t<section class=\"elementor-section elementor-top-section elementor-element elementor-element-bdd9939 elementor-section-content-middle elementor-section-boxed elementor-section-height-default elementor-section-height-default\" data-id=\"bdd9939\" data-element_type=\"section\">\n\t\t\t\t\t\t<div class=\"elementor-container elementor-column-gap-extended\">\n\t\t\t\t\t<div class=\"elementor-column elementor-col-100 elementor-top-column elementor-element elementor-element-c955026 ot-flex-column-vertical\" data-id=\"c955026\" data-element_type=\"column\">\n\t\t\t<div class=\"elementor-widget-wrap elementor-element-populated\">\n\t\t\t\t\t\t<div class=\"elementor-element elementor-element-94474d6 elementor-widget elementor-widget-iheading\" data-id=\"94474d6\" data-element_type=\"widget\" data-widget_type=\"iheading.default\">\n\t\t\t\t<div class=\"elementor-widget-container\">\n\t\t\t\t\t\t\t<div class=\"ot-heading is-dots\">\r\n\t        \t        <h2 class=\"main-heading\">N\u1ed9i th\u1ea5t Dmax<\/h2>\t    <\/div>\r\n\t    \t\t\t\t<\/div>\n\t\t\t\t<\/div>\n\t\t\t\t<div class=\"elementor-element elementor-element-4408703 elementor-widget__width-initial elementor-widget elementor-widget-text-editor\" data-id=\"4408703\" data-element_type=\"widget\" data-widget_type=\"text-editor.default\">\n\t\t\t\t<div class=\"elementor-widget-container\">\n\t\t\t\t\t\t\t\t\t<p>\u0110\u01b0\u1ee3c th\u00e0nh l\u1eadp t\u1eeb n\u0103m 2015, c\u00f4ng ty C\u1ed5 ph\u1ea7n TNHH X\u00e2y d\u1ef1ng v\u00e0 N\u1ed9i th\u1ea5t Dmax Vi\u1ec7t Nam l\u00e0 doanh nghi\u1ec7p chuy\u00ean thi\u1ebft k\u1ebf v\u00e0 thi c\u00f4ng n\u1ed9i th\u1ea5t cho v\u0103n ph\u00f2ng, chung c\u01b0, kh\u00e1ch s\u1ea1n, nh\u00e0 h\u00e0ng, showroom, nh\u00e0 h\u00e0ng\u2026 \u0111\u1ed3ng th\u1eddi s\u1ea3n xu\u1ea5t, kinh doanh c\u00e1c s\u1ea3n ph\u1ea9m n\u1ed9i th\u1ea5t b\u1eb1ng g\u1ed7 xu\u1ea5t kh\u1ea9u uy t\u00edn t\u1ea1i Vi\u1ec7t Nam.<\/p><p>C\u00f4ng ty TNHH X\u00e2y d\u1ef1ng v\u00e0 N\u1ed9i th\u1ea5t Dmax Vi\u1ec7t Nam l\u00e0 m\u1ed9t t\u1eadp th\u1ec3 bao g\u1ed3m c\u00e1c ki\u1ebfn tr\u00fac s\u1ef1, k\u1ef9 s\u01b0, c\u1eed nh\u00e2n kinh t\u1ebf gi\u00e0u kinh nghi\u1ec7m t\u1ed1t nghi\u1ec7p t\u1ea1i tr\u01b0\u1eddng \u0110\u1ea1i h\u1ecdc uy t\u00edn\u2026 \u0111\u1ed9i ng\u0169 c\u00f4ng nh\u00e2n tr\u1ebb nhi\u1ec7t huy\u1ebft n\u0103ng \u0111\u1ed9ng y\u00eau ngh\u1ec1. Ch\u00fang t\u00f4i t\u1ef1 tin mang t\u1edbi m\u1ed9t kh\u00f4ng gian s\u1ed1ng ho\u00e0n h\u1ea3o nh\u1ea5t cho gia ch\u1ee7.<\/p><p>S\u1ee9 m\u1ec7nh: C\u00f4ng ty TNHH X\u00e2y d\u1ef1ng v\u00e0 N\u1ed9i th\u1ea5t Dmax Vi\u1ec7t Nam cung c\u1ea5p gi\u1ea3i ph\u00e1p kh\u00f4ng gian s\u1ed1ng ho\u00e0n h\u1ea3o. V\u1edbi mong mu\u1ed1n \u0111\u00e1p \u1ee9ng th\u1ecfa m\u00e3n ng\u01b0\u1eddi ti\u00eau d\u00f9ng \u1edf m\u1ee9c cao nh\u1ea5t, ch\u00fang t\u00f4i lu\u00f4n xem kh\u00e1ch h\u00e0ng l\u00e0 trung t\u00e2m c\u1ee7a m\u1ecdi ho\u1ea1t \u0111\u1ed9ng. N\u1ed9i th\u1ea5t Dmax cam k\u1ebft kh\u1eb3ng \u0111\u1ecbnh v\u1ecb th\u1ebf \u0111\u1ed1i t\u00e1c chi\u1ebfn l\u01b0\u1ee3c trong l\u0129nh v\u1ef1c trang tr\u00ed n\u1ed9i th\u1ea5t v\u1edbi ch\u1ee7 \u0111\u1ea7u t\u01b0. Li\u00ean h\u1ec7 ngay hotline: <a href=\"tel:0913043866\">0913043866<\/a><\/p>\t\t\t\t\t\t\t\t<\/div>\n\t\t\t\t<\/div>\n\t\t\t\t\t<\/div>\n\t\t<\/div>\n\t\t\t\t\t<\/div>\n\t\t<\/section>\n\t\t\t\t<\/div>\n\t\t","protected":false},"excerpt":{"rendered":"<p>N\u1ed9i th\u1ea5t Dmax \u0110\u01b0\u1ee3c th\u00e0nh l\u1eadp t\u1eeb n\u0103m 2015, c\u00f4ng ty C\u1ed5 ph\u1ea7n TNHH X\u00e2y d\u1ef1ng v\u00e0 N\u1ed9i th\u1ea5t Dmax Vi\u1ec7t Nam l\u00e0 doanh nghi\u1ec7p chuy\u00ean thi\u1ebft k\u1ebf v\u00e0 thi c\u00f4ng n\u1ed9i th\u1ea5t cho v\u0103n ph\u00f2ng, chung c\u01b0, kh\u00e1ch s\u1ea1n, nh\u00e0 h\u00e0ng, showroom, nh\u00e0 h\u00e0ng\u2026 \u0111\u1ed3ng th\u1eddi s\u1ea3n xu\u1ea5t, kinh doanh c\u00e1c s\u1ea3n ph\u1ea9m n\u1ed9i [&hellip;]<\/p>\n","protected":false},"author":1,"featured_media":0,"parent":0,"menu_order":0,"comment_status":"closed","ping_status":"closed","template":"","meta":{"footnotes":""},"class_list":["post-1958","page","type-page","status-publish","hentry"],"_links":{"self":[{"href":"https:\/\/noithatdmax.vn\/index.php?rest_route=\/wp\/v2\/pages\/1958","targetHints":{"allow":["GET"]}}],"collection":[{"href":"https:\/\/noithatdmax.vn\/index.php?rest_route=\/wp\/v2\/pages"}],"about":[{"href":"https:\/\/noithatdmax.vn\/index.php?rest_route=\/wp\/v2\/types\/page"}],"author":[{"embeddable":true,"href":"https:\/\/noithatdmax.vn\/index.php?rest_route=\/wp\/v2\/users\/1"}],"replies":[{"embeddable":true,"href":"https:\/\/noithatdmax.vn\/index.php?rest_route=%2Fwp%2Fv2%2Fcomments&post=1958"}],"version-history":[{"count":5,"href":"https:\/\/noithatdmax.vn\/index.php?rest_route=\/wp\/v2\/pages\/1958\/revisions"}],"predecessor-version":[{"id":5788,"href":"https:\/\/noithatdmax.vn\/index.php?rest_route=\/wp\/v2\/pages\/1958\/revisions\/5788"}],"wp:attachment":[{"href":"https:\/\/noithatdmax.vn\/index.php?rest_route=%2Fwp%2Fv2%2Fmedia&parent=1958"}],"curies":[{"name":"wp","href":"https:\/\/api.w.org\/{rel}","templated":true}]}}